{"id":89,"date":"2025-12-09T13:57:23","date_gmt":"2025-12-09T12:57:23","guid":{"rendered":"https:\/\/mkufner.hak-digital.at\/?page_id=89"},"modified":"2026-01-13T13:58:16","modified_gmt":"2026-01-13T12:58:16","slug":"about-me","status":"publish","type":"page","link":"https:\/\/mkufner.hak-digital.at\/?page_id=89","title":{"rendered":"About Me"},"content":{"rendered":"\n<p>Ich bin ein engagierter Sch\u00fcler an einer Handelsakademie und arbeite kontinuierlich daran, mich fachlich, sportlich und pers\u00f6nlich weiterzuentwickeln. Besonders wichtig sind mir Bewegung und Gesundheit: Ich trainiere regelm\u00e4\u00dfig Laufen, Radfahren und Kraftsport und bin au\u00dferdem gerne beim Klettern oder Tischtennis aktiv.<\/p>\n\n\n\n<hr class=\"wp-block-separator has-alpha-channel-opacity\"\/>\n\n\n\n<p>Reisen und Sprachen pr\u00e4gen meinen Alltag ebenfalls. Mein Aufenthalt in Schweden hat mich stark inspiriert und motiviert, neue Kulturen kennenzulernen und offen zu bleiben f\u00fcr alles, was mich weiterbringt.<\/p>\n\n\n\n<figure class=\"wp-block-embed is-type-video is-provider-youtube wp-block-embed-youtube wp-embed-aspect-16-9 wp-has-aspect-ratio\"><div class=\"wp-block-embed__wrapper\">\n<p class=\"responsive-video-wrap clr\"><iframe loading=\"lazy\" title=\"Anaheim Ducks Webseite\" width=\"1200\" height=\"675\" src=\"https:\/\/www.youtube.com\/embed\/Me3nUi58bbg?feature=oembed\" frameborder=\"0\" allow=\"accelerometer; autoplay; clipboard-write; encrypted-media; gyroscope; picture-in-picture; web-share\" referrerpolicy=\"strict-origin-when-cross-origin\" allowfullscreen><\/iframe><\/p>\n<\/div><\/figure>\n","protected":false},"excerpt":{"rendered":"<p>Ich bin ein engagierter Sch\u00fcler an einer Handelsakademie und arbeite kontinuierlich daran, mich fachlich, sportlich und pers\u00f6nlich weiterzuentwickeln. Besonders wichtig sind mir Bewegung und Gesundheit: Ich trainiere regelm\u00e4\u00dfig Laufen, Radfahren und Kraftsport und bin au\u00dferdem gerne beim Klettern oder Tischtennis aktiv. Reisen und Sprachen pr\u00e4gen meinen Alltag ebenfalls. Mein Aufenthalt in Schweden hat mich stark [&hellip;]<\/p>\n","protected":false},"author":1,"featured_media":0,"parent":0,"menu_order":0,"comment_status":"closed","ping_status":"closed","template":"","meta":{"footnotes":""},"class_list":["post-89","page","type-page","status-publish","hentry","entry"],"_links":{"self":[{"href":"https:\/\/mkufner.hak-digital.at\/index.php?rest_route=\/wp\/v2\/pages\/89","targetHints":{"allow":["GET"]}}],"collection":[{"href":"https:\/\/mkufner.hak-digital.at\/index.php?rest_route=\/wp\/v2\/pages"}],"about":[{"href":"https:\/\/mkufner.hak-digital.at\/index.php?rest_route=\/wp\/v2\/types\/page"}],"author":[{"embeddable":true,"href":"https:\/\/mkufner.hak-digital.at\/index.php?rest_route=\/wp\/v2\/users\/1"}],"replies":[{"embeddable":true,"href":"https:\/\/mkufner.hak-digital.at\/index.php?rest_route=%2Fwp%2Fv2%2Fcomments&post=89"}],"version-history":[{"count":18,"href":"https:\/\/mkufner.hak-digital.at\/index.php?rest_route=\/wp\/v2\/pages\/89\/revisions"}],"predecessor-version":[{"id":172,"href":"https:\/\/mkufner.hak-digital.at\/index.php?rest_route=\/wp\/v2\/pages\/89\/revisions\/172"}],"wp:attachment":[{"href":"https:\/\/mkufner.hak-digital.at\/index.php?rest_route=%2Fwp%2Fv2%2Fmedia&parent=89"}],"curies":[{"name":"wp","href":"https:\/\/api.w.org\/{rel}","templated":true}]}}